{"id":144,"date":"2020-12-30T02:05:08","date_gmt":"2020-12-30T02:05:08","guid":{"rendered":"http:\/\/pilzherb.com\/?page_id=144"},"modified":"2026-03-18T12:03:38","modified_gmt":"2026-03-18T12:03:38","slug":"startseite","status":"publish","type":"page","link":"http:\/\/pilzherb.com\/?page_id=144","title":{"rendered":"Aktuell"},"content":{"rendered":"\n<p><strong>HEIMSPIEL -PILZ HERB<\/strong><\/p>\n\n\n\n<p>Wir sind wieder da, mit neuer Energie.<br>Besser, h\u00e4rter, schneller und das ist unser neues Spiel.<br>In Duisburg gibt es viel doch nur einen MSV<br>und so ziehen wir wieder ins Stadion mit unseren Farben wei\u00df und blau!<\/p>\n\n\n\n<p>Es ist Heimspiel, Heimspiel<br>Oh oh oh 1902<\/p>\n\n\n\n<p>Mit diesen Fans, das ist mehr als Sympathie,<br>gemeinsam durch die H\u00f6lle so entscheidet man das Spiel.<br>Ein Schlag ins Gesicht, doch wir stehen immer wieder auf.<br>Ja, so waren wir schon im Abgrund, aber jetzt geht\u00b4s nur Bergauf!<\/p>\n\n\n\n<p>Es ist Heimspiel, Heimspiel<br>Oh oh oh 1902,<\/p>\n\n\n\n<p>Solo:<br>\u2026.K\u00f6zle, Grli\u0107, Dietz, T\u00f6nnies, Macherey, Wolters, Nijhuis, Wolze, Kremer, Rahn, Lienen, Kersten, Schmidt, T\u00f6fting.<\/p>\n\n\n\n<p>Das Spiel gewonnen, Eure Niederlage tut uns gut.<br>So gehen wir Aufrecht und ehrlich und haben wieder neuen Mut.<br>Ein jeder wei\u00df genau, dass ist unser MSV,<br>besser, h\u00e4rter schneller super Zebras wei\u00df und blau!<\/p>\n\n\n\n<p>Es ist Heimspiel, Heimspiel<br>Oh oh oh 1902<\/p>\n\n\n\n<figure class=\"wp-block-embed is-type-video is-provider-youtube wp-block-embed-youtube wp-embed-aspect-16-9 wp-has-aspect-ratio\"><div class=\"wp-block-embed__wrapper\">\n<iframe loading=\"lazy\" title=\"Heimspiel - Pilz \ud83c\udf44 Herb\" width=\"840\" height=\"473\" src=\"https:\/\/www.youtube.com\/embed\/JDKk5mjr_mQ?feature=oembed\" frameborder=\"0\" allow=\"accelerometer; autoplay; clipboard-write; encrypted-media; gyroscope; picture-in-picture; web-share\" referrerpolicy=\"strict-origin-when-cross-origin\" allowfullscreen><\/iframe>\n<\/div><\/figure>\n\n\n\n<p><\/p>\n","protected":false},"excerpt":{"rendered":"<p>HEIMSPIEL -PILZ HERB Wir sind wieder da, mit neuer Energie.Besser, h\u00e4rter, schneller und das ist unser neues Spiel.In Duisburg gibt es viel doch nur einen MSVund so ziehen wir wieder ins Stadion mit unseren Farben wei\u00df und blau! Es ist Heimspiel, HeimspielOh oh oh 1902 <span class=\"read-more\"><a class=\"more-link btn btn-transparent\" href=\"http:\/\/pilzherb.com\/?page_id=144\">Read More &#8230;<\/a><\/span><\/p>\n","protected":false},"author":1,"featured_media":0,"parent":0,"menu_order":0,"comment_status":"closed","ping_status":"closed","template":"","meta":{"footnotes":""},"class_list":["post-144","page","type-page","status-publish","hentry"],"_links":{"self":[{"href":"http:\/\/pilzherb.com\/index.php?rest_route=\/wp\/v2\/pages\/144","targetHints":{"allow":["GET"]}}],"collection":[{"href":"http:\/\/pilzherb.com\/index.php?rest_route=\/wp\/v2\/pages"}],"about":[{"href":"http:\/\/pilzherb.com\/index.php?rest_route=\/wp\/v2\/types\/page"}],"author":[{"embeddable":true,"href":"http:\/\/pilzherb.com\/index.php?rest_route=\/wp\/v2\/users\/1"}],"replies":[{"embeddable":true,"href":"http:\/\/pilzherb.com\/index.php?rest_route=%2Fwp%2Fv2%2Fcomments&post=144"}],"version-history":[{"count":32,"href":"http:\/\/pilzherb.com\/index.php?rest_route=\/wp\/v2\/pages\/144\/revisions"}],"predecessor-version":[{"id":730,"href":"http:\/\/pilzherb.com\/index.php?rest_route=\/wp\/v2\/pages\/144\/revisions\/730"}],"wp:attachment":[{"href":"http:\/\/pilzherb.com\/index.php?rest_route=%2Fwp%2Fv2%2Fmedia&parent=144"}],"curies":[{"name":"wp","href":"https:\/\/api.w.org\/{rel}","templated":true}]}}