{"id":49,"date":"2020-03-27T19:08:42","date_gmt":"2020-03-27T19:08:42","guid":{"rendered":"http:\/\/pilzherb.com\/?page_id=49"},"modified":"2026-03-18T11:39:47","modified_gmt":"2026-03-18T11:39:47","slug":"band","status":"publish","type":"page","link":"http:\/\/pilzherb.com\/?page_id=49","title":{"rendered":"Band"},"content":{"rendered":"<div class=\"wp-block-image\">\n<figure class=\"alignleft size-large is-resized\"><img loading=\"lazy\" decoding=\"async\" width=\"1024\" height=\"576\" src=\"http:\/\/pilzherb.com\/wp-content\/uploads\/2020\/03\/Pressefoto-Pilz-HErb-2-1024x576.png\" alt=\"\" class=\"wp-image-16\" style=\"width:512px;height:288px\" srcset=\"http:\/\/pilzherb.com\/wp-content\/uploads\/2020\/03\/Pressefoto-Pilz-HErb-2-1024x576.png 1024w, http:\/\/pilzherb.com\/wp-content\/uploads\/2020\/03\/Pressefoto-Pilz-HErb-2-300x169.png 300w, http:\/\/pilzherb.com\/wp-content\/uploads\/2020\/03\/Pressefoto-Pilz-HErb-2-768x432.png 768w, http:\/\/pilzherb.com\/wp-content\/uploads\/2020\/03\/Pressefoto-Pilz-HErb-2.png 1334w\" sizes=\"auto, (max-width: 1024px) 100vw, 1024px\" \/><\/figure><\/div>\n\n\n<p class=\"has-normal-font-size\">Pilz Herb \u2013 Partyrockband, sagt doch schon einiges aus, oder?<\/p>\n\n\n\n<p class=\"has-normal-font-size\">Nicht? Ihr wollt jetzt echt noch ewig langweiliges Zeug lesen?<\/p>\n\n\n\n<p class=\"has-normal-font-size\">Nun gut, seit einigen Jahren stehen die Jungs auf den&nbsp;Brettern, die die Welt bedeuten, in ihrem falle oft auch Europaletten genannt. Seit der ersten Besetzung(lange her)&nbsp;hat sich immer wieder mal was ver\u00e4ndert, aber das k\u00f6nnt Ihr irgendwann mal bei Wiki nachlesen.<\/p>\n\n\n\n<p class=\"has-normal-font-size\"><\/p>\n\n\n\n<p class=\"has-normal-font-size\">Wichtig ist was heute passiert und das ist so einiges!<\/p>\n\n\n\n<p class=\"has-normal-font-size\">Coverband w\u00e4re der falsche Ausdruck bei den Burschen, denn hier handelt es sich um eine Partyrockband, die es innerhalb k\u00fcrzester Zeit schafft das Publikum zu bewegen und NEIN, nicht zum Ausgang, sondern zu den freien Fl\u00e4chen wo getanzt, gezappelt und getrunken wird, ok getrunken wird \u00fcberall \ud83d\ude09<\/p>\n\n\n\n<p class=\"has-normal-font-size\">Die&nbsp;Eigeninterpretationen von doch sehr bekannten St\u00fccken(der&nbsp;Wiedererkennungswert ist mehr als gegeben), l\u00e4dt einfach zum mitfeiern ein, denn das ist es, was die Band ausmacht, sie feiert auf der B\u00fchne (oder sonst wo) und h\u00e4lt Euch keinen musikalischen Vortrag.<\/p>\n\n\n<div class=\"wp-block-image is-style-circle-mask is-style-rounded\">\n<figure class=\"alignleft size-medium is-resized\"><a href=\"http:\/\/pilzherb.com\/?page_id=106\"><img loading=\"lazy\" decoding=\"async\" width=\"242\" height=\"300\" src=\"http:\/\/pilzherb.com\/wp-content\/uploads\/2023\/08\/IMG-PHOTO-ART-1250446548-1-242x300.jpg\" alt=\"\" class=\"wp-image-616\" style=\"width:121px;height:150px\" srcset=\"http:\/\/pilzherb.com\/wp-content\/uploads\/2023\/08\/IMG-PHOTO-ART-1250446548-1-242x300.jpg 242w, http:\/\/pilzherb.com\/wp-content\/uploads\/2023\/08\/IMG-PHOTO-ART-1250446548-1.jpg 268w\" sizes=\"auto, (max-width: 242px) 100vw, 242px\" \/><\/a><\/figure><\/div>\n\n<div class=\"wp-block-image is-style-circle-mask\">\n<figure class=\"alignleft size-medium is-resized\"><a href=\"http:\/\/pilzherb.com\/?page_id=108\"><img loading=\"lazy\" decoding=\"async\" width=\"242\" height=\"300\" src=\"http:\/\/pilzherb.com\/wp-content\/uploads\/2023\/08\/IMG-PHOTO-ART-1250477001-1-242x300.jpg\" alt=\"\" class=\"wp-image-618\" style=\"width:121px;height:150px\" srcset=\"http:\/\/pilzherb.com\/wp-content\/uploads\/2023\/08\/IMG-PHOTO-ART-1250477001-1-242x300.jpg 242w, http:\/\/pilzherb.com\/wp-content\/uploads\/2023\/08\/IMG-PHOTO-ART-1250477001-1.jpg 268w\" sizes=\"auto, (max-width: 242px) 100vw, 242px\" \/><\/a><\/figure><\/div>\n\n<div class=\"wp-block-image is-style-circle-mask\">\n<figure class=\"alignleft size-medium is-resized\"><a href=\"http:\/\/pilzherb.com\/?page_id=104\"><img loading=\"lazy\" decoding=\"async\" width=\"245\" height=\"300\" src=\"http:\/\/pilzherb.com\/wp-content\/uploads\/2023\/08\/IMG-PHOTO-ART-1250373163-1-245x300.jpg\" alt=\"\" class=\"wp-image-617\" style=\"width:123px;height:150px\" srcset=\"http:\/\/pilzherb.com\/wp-content\/uploads\/2023\/08\/IMG-PHOTO-ART-1250373163-1-245x300.jpg 245w, http:\/\/pilzherb.com\/wp-content\/uploads\/2023\/08\/IMG-PHOTO-ART-1250373163-1.jpg 268w\" sizes=\"auto, (max-width: 245px) 100vw, 245px\" \/><\/a><\/figure><\/div>\n\n<div class=\"wp-block-image is-style-circle-mask\">\n<figure class=\"alignleft size-medium is-resized\"><a href=\"http:\/\/pilzherb.com\/?page_id=102\"><img loading=\"lazy\" decoding=\"async\" width=\"239\" height=\"300\" src=\"http:\/\/pilzherb.com\/wp-content\/uploads\/2023\/08\/IMG-PHOTO-ART-1250430689-1-239x300.jpg\" alt=\"\" class=\"wp-image-620\" style=\"width:120px;height:150px\" srcset=\"http:\/\/pilzherb.com\/wp-content\/uploads\/2023\/08\/IMG-PHOTO-ART-1250430689-1-239x300.jpg 239w, http:\/\/pilzherb.com\/wp-content\/uploads\/2023\/08\/IMG-PHOTO-ART-1250430689-1.jpg 268w\" sizes=\"auto, (max-width: 239px) 100vw, 239px\" \/><\/a><\/figure><\/div>\n\n<div class=\"wp-block-image is-style-circle-mask\">\n<figure class=\"alignleft size-medium is-resized\"><a href=\"http:\/\/pilzherb.com\/?page_id=98\"><img loading=\"lazy\" decoding=\"async\" width=\"236\" height=\"300\" src=\"http:\/\/pilzherb.com\/wp-content\/uploads\/2023\/08\/IMG-PHOTO-ART-1250462193-2-236x300.jpg\" alt=\"\" class=\"wp-image-621\" style=\"width:118px;height:150px\" srcset=\"http:\/\/pilzherb.com\/wp-content\/uploads\/2023\/08\/IMG-PHOTO-ART-1250462193-2-236x300.jpg 236w, http:\/\/pilzherb.com\/wp-content\/uploads\/2023\/08\/IMG-PHOTO-ART-1250462193-2.jpg 268w\" sizes=\"auto, (max-width: 236px) 100vw, 236px\" \/><\/a><\/figure><\/div>\n\n<div class=\"wp-block-image is-style-circle-mask\">\n<figure class=\"alignleft size-medium is-resized\"><a href=\"http:\/\/pilzherb.com\/?page_id=100\"><img loading=\"lazy\" decoding=\"async\" width=\"239\" height=\"300\" src=\"http:\/\/pilzherb.com\/wp-content\/uploads\/2023\/08\/IMG-PHOTO-ART-1250395483-239x300.jpg\" alt=\"\" class=\"wp-image-613\" style=\"width:120px;height:150px\" srcset=\"http:\/\/pilzherb.com\/wp-content\/uploads\/2023\/08\/IMG-PHOTO-ART-1250395483-239x300.jpg 239w, http:\/\/pilzherb.com\/wp-content\/uploads\/2023\/08\/IMG-PHOTO-ART-1250395483.jpg 268w\" sizes=\"auto, (max-width: 239px) 100vw, 239px\" \/><\/a><\/figure><\/div>\n\n\n<p><\/p>\n\n\n\n<p><\/p>\n\n\n\n<p><\/p>\n\n\n\n<p class=\"has-vivid-red-color has-text-color has-large-font-size\"><strong>Die Pilz Herb CREW<\/strong><\/p>\n\n\n<div class=\"wp-block-image is-style-rounded\">\n<figure class=\"alignleft size-medium is-resized\"><img loading=\"lazy\" decoding=\"async\" width=\"491\" height=\"1067\" src=\"http:\/\/pilzherb.com\/wp-content\/uploads\/2025\/05\/IMG-20250501-WA0019-edited.jpg\" alt=\"\" class=\"wp-image-691\" style=\"aspect-ratio:0.75;object-fit:cover;width:118px;height:auto\" srcset=\"http:\/\/pilzherb.com\/wp-content\/uploads\/2025\/05\/IMG-20250501-WA0019-edited.jpg 491w, http:\/\/pilzherb.com\/wp-content\/uploads\/2025\/05\/IMG-20250501-WA0019-edited-138x300.jpg 138w, http:\/\/pilzherb.com\/wp-content\/uploads\/2025\/05\/IMG-20250501-WA0019-edited-471x1024.jpg 471w\" sizes=\"auto, (max-width: 491px) 100vw, 491px\" \/><figcaption class=\"wp-element-caption\"><strong>Bena <\/strong><br>Management<strong> <\/strong><\/figcaption><\/figure><\/div>\n\n<div class=\"wp-block-image is-style-rounded\">\n<figure class=\"alignleft size-medium is-resized\"><img loading=\"lazy\" decoding=\"async\" width=\"210\" height=\"300\" src=\"http:\/\/pilzherb.com\/wp-content\/uploads\/2023\/08\/IMG-PHOTO-ART-1251235391-210x300.jpg\" alt=\"\" class=\"wp-image-625\" style=\"width:105px;height:150px\" srcset=\"http:\/\/pilzherb.com\/wp-content\/uploads\/2023\/08\/IMG-PHOTO-ART-1251235391-210x300.jpg 210w, http:\/\/pilzherb.com\/wp-content\/uploads\/2023\/08\/IMG-PHOTO-ART-1251235391.jpg 272w\" sizes=\"auto, (max-width: 210px) 100vw, 210px\" \/><figcaption class=\"wp-element-caption\"><strong>ROBIN CASTOR<\/strong> <br>Ton &amp; Stagetechnik<\/figcaption><\/figure><\/div>","protected":false},"excerpt":{"rendered":"<p>Pilz Herb \u2013 Partyrockband, sagt doch schon einiges aus, oder? Nicht? Ihr wollt jetzt echt noch ewig langweiliges Zeug lesen? Nun gut, seit einigen Jahren stehen die Jungs auf den&nbsp;Brettern, die die Welt bedeuten, in ihrem falle oft auch Europaletten genannt. Seit der ersten Besetzung(lange <span class=\"read-more\"><a class=\"more-link btn btn-transparent\" href=\"http:\/\/pilzherb.com\/?page_id=49\">Read More &#8230;<\/a><\/span><\/p>\n","protected":false},"author":1,"featured_media":0,"parent":0,"menu_order":0,"comment_status":"closed","ping_status":"closed","template":"","meta":{"footnotes":""},"class_list":["post-49","page","type-page","status-publish","hentry"],"_links":{"self":[{"href":"http:\/\/pilzherb.com\/index.php?rest_route=\/wp\/v2\/pages\/49","targetHints":{"allow":["GET"]}}],"collection":[{"href":"http:\/\/pilzherb.com\/index.php?rest_route=\/wp\/v2\/pages"}],"about":[{"href":"http:\/\/pilzherb.com\/index.php?rest_route=\/wp\/v2\/types\/page"}],"author":[{"embeddable":true,"href":"http:\/\/pilzherb.com\/index.php?rest_route=\/wp\/v2\/users\/1"}],"replies":[{"embeddable":true,"href":"http:\/\/pilzherb.com\/index.php?rest_route=%2Fwp%2Fv2%2Fcomments&post=49"}],"version-history":[{"count":90,"href":"http:\/\/pilzherb.com\/index.php?rest_route=\/wp\/v2\/pages\/49\/revisions"}],"predecessor-version":[{"id":728,"href":"http:\/\/pilzherb.com\/index.php?rest_route=\/wp\/v2\/pages\/49\/revisions\/728"}],"wp:attachment":[{"href":"http:\/\/pilzherb.com\/index.php?rest_route=%2Fwp%2Fv2%2Fmedia&parent=49"}],"curies":[{"name":"wp","href":"https:\/\/api.w.org\/{rel}","templated":true}]}}